{"id":3550,"date":"2020-04-16T01:30:00","date_gmt":"2020-04-16T08:30:00","guid":{"rendered":"https:\/\/www.aclusocal.org\/preguntas-frecuentes-sobre-las-tacticas-enganosas-de-ice\/"},"modified":"2020-04-16T01:30:00","modified_gmt":"2020-04-16T08:30:00","slug":"preguntas-frecuentes-sobre-las-tacticas-enganosas-de-ice","status":"publish","type":"page","link":"https:\/\/www.aclusocal.org\/es\/preguntas-frecuentes-sobre-las-tacticas-enganosas-de-ice\/","title":{"rendered":"Preguntas frecuentes sobre las t\u00e1cticas enga\u00f1osas de ICE"},"content":{"rendered":"<p>El ICE est\u00e1 recurriendo a distintos trucos y enga\u00f1os. En vez de identificarse como el ICE, se hacen pasar por agentes de polic\u00eda o de libertad condicional (probation). Usan t\u00e1cticas de intimidaci\u00f3n para forzar su entrada en los hogares. Cuentan historias falsas con la intenci\u00f3n de que las personas salgan de sus casas o que les permitan la entrada.<\/p>\n<p>Las comunidades que conocen sus derechos pueden legalmente evitar que ICE entre en sus casas, y pueden protegerse a s\u00ed mismos, a sus vecinos y a sus seres queridos.<\/p>\n","protected":false},"excerpt":{"rendered":"<p>El ICE est\u00e1 recurriendo a distintos trucos y enga\u00f1os. En vez de identificarse como el ICE, se hacen pasar por agentes de polic\u00eda o de libertad condicional (probation). Usan t\u00e1cticas de intimidaci\u00f3n para forzar su entrada en los hogares. Cuentan historias falsas con la intenci\u00f3n de que las personas salgan de sus casas o que [&hellip;]<\/p>\n","protected":false},"author":0,"featured_media":0,"parent":0,"menu_order":0,"comment_status":"closed","ping_status":"closed","template":"","meta":{"_acf_changed":false,"_relevanssi_hide_post":"","_relevanssi_hide_content":"","_relevanssi_pin_for_all":"","_relevanssi_pin_keywords":"","_relevanssi_unpin_keywords":"","_relevanssi_related_keywords":"","_relevanssi_related_include_ids":"","_relevanssi_related_exclude_ids":"","_relevanssi_related_no_append":"","_relevanssi_related_not_related":"","_relevanssi_related_posts":"","_relevanssi_noindex_reason":"","footnotes":""},"class_list":["post-3550","page","type-page","status-publish","hentry"],"acf":{"layout":"default","header-group":{"header-description":"","show-subnav":false,"hide-from-subnav":false},"components":[{"acf_fc_layout":"text","text":{"text":"El ICE est\u00e1 recurriendo a distintos trucos y enga\u00f1os. En vez de identificarse como el ICE, se hacen pasar por agentes de polic\u00eda o de libertad condicional (probation). Usan t\u00e1cticas de intimidaci\u00f3n para forzar su entrada en los hogares. Cuentan historias falsas con la intenci\u00f3n de que las personas salgan de sus casas o que les permitan la entrada.\n\nLas comunidades que conocen sus derechos pueden legalmente evitar que ICE entre en sus casas, y pueden protegerse a s\u00ed mismos, a sus vecinos y a sus seres queridos."}},{"acf_fc_layout":"accordion","accordion":{"turn_on_faq":false,"list_style":true,"accordion-title":"","description":"","accordion-items":[{"title":"\u00bfC\u00f3mo logra ICE realizar arrestos en los hogares?\n","content":"ICE est\u00e1 empleando t\u00e1cticas muy controvertidas para arrestar a personas en sus casas. Si no disponen de una orden firmada por un juez, no pueden entrar a tu hogar, a menos que les dejes pasar. Las campa\u00f1as que titulamos \u201cConoce tus derechos\u201d siguen empoderando a m\u00e1s y m\u00e1s miembros de las comunidades, que ahora saben que pueden negarle la entrada a su casa a ICE. En su frustraci\u00f3n, ICE est\u00e1 usando el enga\u00f1o para que la gente les deje entrar en sus casas o para que salgan de ellas. Suelen usar \u201ctrampas\u201d, como decir que son agentes de polic\u00eda que investigan un crimen. En otros casos, llevan uniformes con la palabra \u201cPOLICE\u201d y se identifican como agentes de la polic\u00eda, detectives o agentes de libertad condicional.\n\n\n","image_video_field_group":{"image_video_options":"image","image_group":{"image":null,"caption":"","credit":"","link-settings":"none","url":""},"video_group":{"video":null,"cover_image":null,"video_orientation":"standard"},"youtube_group":{"oembed-url":"","cover-image":null}}},{"title":"\u00bfLos miembros de ICE son la polic\u00eda?\n","content":"\u00a1No! Si alguien grita: \u201c\u00a1llamen a la polic\u00eda!\u201d, nadie llamar\u00eda a ICE. Es as\u00ed porque todo el mundo sabe que la palabra <em>polic\u00eda<\/em> se refiere a las locales fuerzas del orden. Hay varias agencias gubernamentales dedicadas al cumplimiento de la ley: el IRS, los inspectores de obras, los agentes forestales\u2026 Pero no todos son considerados \u201cpolic\u00eda\u201d. Esta misma idea es aplicable hacia ICE. ICE dice que usan el t\u00e9rmino polic\u00eda porque, de lo contrario, nadie sabe qui\u00e9nes son. Pero todo el mundo, especialmente la comunidad inmigrante, est\u00e1 muy familiarizado con ICE. Se \u201cdisfrazan\u201d de polic\u00eda precisamente porque la gente sabe qui\u00e9nes son y tambi\u00e9n sabe que no tienen intenci\u00f3n de ayudarles.\n\n\n","image_video_field_group":{"image_video_options":"image","image_group":{"image":null,"caption":"","credit":"","link-settings":"none","url":""},"video_group":{"video":null,"cover_image":null,"video_orientation":"standard"},"youtube_group":{"oembed-url":"","cover-image":null}}},{"title":"\u00bfEs legal este tipo de enga\u00f1o de ICE?\n","content":"No, ICE no debe hacerse pasar por otros agentes gubernamentales ni afirmar que tienen otro objetivo para poder entrar a tu hogar. El consentimiento de cualquier persona ante estas circunstancias no es v\u00e1lido. La entrada de ICE como consecuencia de esta situaci\u00f3n de enga\u00f1o y cualquier arresto que se produzca, viola la <em>Cuarta Enmienda de la Constituci\u00f3n de los Estados Unidos<\/em>.\n\n\n","image_video_field_group":{"image_video_options":"image","image_group":{"image":null,"caption":"","credit":"","link-settings":"none","url":""},"video_group":{"video":null,"cover_image":null,"video_orientation":"standard"},"youtube_group":{"oembed-url":"","cover-image":null}}},{"title":"\u00bfQu\u00e9 son las dependencias?\n","content":"Las dependencias es un t\u00e9rmino legal que describe las zonas que rodean una casa y que se consideran privadas, como el porche, el patio, cualquier pasillo privado o vest\u00edbulo. Las dependencias de la casa cuentan contar con el mismo nivel de protecci\u00f3n que la propia casa ante la intrusi\u00f3n gubernamental.\n\n\n","image_video_field_group":{"image_video_options":"image","image_group":{"image":null,"caption":"","credit":"","link-settings":"none","url":""},"video_group":{"video":null,"cover_image":null,"video_orientation":"standard"},"youtube_group":{"oembed-url":"","cover-image":null}}},{"title":"\u00bfICE puede entrar a las dependencias de mi casa sin mi permiso?\n","content":"Si no dispone de una orden firmada por un juez, ICE no puede entrar a las dependencias de tu casa <em>para arrestar a alguien<\/em> que se encuentra en su interior. Los agentes gubernamentales s\u00ed pueden entrar en las dependencias de tu casa sin un permiso previo como cualquier otra persona. Por ejemplo, los juzgados establecen que los agentes gubernamentales pueden acercarse a tu puerta y tocar, adem\u00e1s de pedirte permiso para hacerte algunas preguntas, ya que los juzgados entienden que permitir\u00edas que otras personas lo hicieran. Pero los juzgados no asumen que dejar\u00edas entrar a cualquier persona a las dependencias de tu casa para detener a alguien que se encuentra en su interior y llev\u00e1rselo. As\u00ed, pues, ICE no puede actuar de este modo sin una orden judicial o tu permiso expl\u00edcito.\n\n\n","image_video_field_group":{"image_video_options":"image","image_group":{"image":null,"caption":"","credit":"","link-settings":"none","url":""},"video_group":{"video":null,"cover_image":null,"video_orientation":"standard"},"youtube_group":{"oembed-url":"","cover-image":null}}},{"title":"\u00bfQu\u00e9 puedo hacer si el ICE o alguien que dice ser la polic\u00eda, se acerca a mi puerta?\n","content":"Estos son los sencillos pasos que debes seguir para evitar que ICE entre a tu casa: \n\n\n<ul>\n<li><strong> Verifica<\/strong> qui\u00e9n est\u00e1 tocando tu puerta. Pregunta a qu\u00e9 departamento de la polic\u00eda pertenecen y pide su identificaci\u00f3n o placa, el motivo de su visita, y si cuentan con una orden firmada por un juez.  <\/li>\n<li><strong>Documenta<\/strong> la situaci\u00f3n en video, procura contar con testigos, y escribe una descripci\u00f3n detallada de todo lo ocurrido.<\/li>\n<li><strong>Informa.<\/strong> Descarga la app <a href=\"https:\/\/www.mobilejusticeca.org\/\" target=\"_blank\">Mobile Justice<\/a> para grabar e informarle sobre tu encuentro a la ACLU. Ahora mismo estamos recopilando casos. Ponte en contacto con tu red local y otros proveedores de servicios legales para obtener ayuda.<\/li>\n<\/ul>\n A menos que ICE te muestre una orden firmada por un juez, tienes derecho a negarles la entrada a tu hogar. Puedes decirles educadamente que conoces tus derechos y que no les permites entrar a tu casa. Si ignoran tus palabras y entran a tu casa, no intentes obstruirles el paso ni detenerles f\u00edsicamente. Puedes seguir dejando claro que no autorizas su acceso y <strong>verificar<\/strong> su identidad, <strong>documentar<\/strong> el incidente e <strong>informar<\/strong> sobre los hechos una vez que todo haya terminado. \n\n\n","image_video_field_group":{"image_video_options":"image","image_group":{"image":null,"caption":"","credit":"","link-settings":"none","url":""},"video_group":{"video":null,"cover_image":null,"video_orientation":"standard"},"youtube_group":{"oembed-url":"","cover-image":null}}}]}}],"section":null,"issues":[6118],"related_content":[4975,4992,3541,3544],"documents":null},"yoast_head":"<!-- This site is optimized with the Yoast SEO plugin v24.9 - https:\/\/yoast.com\/wordpress\/plugins\/seo\/ -->\n<title>Preguntas frecuentes sobre las t\u00e1cticas enga\u00f1osas de ICE - ACLU of Socal<\/title>\n<meta name=\"robots\" content=\"index, follow, max-snippet:-1, max-image-preview:large, max-video-preview:-1\" \/>\n<link rel=\"canonical\" href=\"https:\/\/www.aclusocal.org\/es\/preguntas-frecuentes-sobre-las-tacticas-enganosas-de-ice\/\" \/>\n<meta property=\"og:locale\" content=\"es_ES\" \/>\n<meta property=\"og:type\" content=\"article\" \/>\n<meta property=\"og:title\" content=\"Preguntas frecuentes sobre las t\u00e1cticas enga\u00f1osas de ICE - ACLU of Socal\" \/>\n<meta property=\"og:description\" content=\"El ICE est\u00e1 recurriendo a distintos trucos y enga\u00f1os. En vez de identificarse como el ICE, se hacen pasar por agentes de polic\u00eda o de libertad condicional (probation). Usan t\u00e1cticas de intimidaci\u00f3n para forzar su entrada en los hogares. Cuentan historias falsas con la intenci\u00f3n de que las personas salgan de sus casas o que [&hellip;]\" \/>\n<meta property=\"og:url\" content=\"https:\/\/www.aclusocal.org\/es\/preguntas-frecuentes-sobre-las-tacticas-enganosas-de-ice\/\" \/>\n<meta property=\"og:site_name\" content=\"ACLU of Socal\" \/>\n<meta property=\"og:image\" content=\"https:\/\/www.aclusocal.org\/app\/uploads\/2019\/07\/web15-kyr_ice.jpg\" \/>\n\t<meta property=\"og:image:width\" content=\"1158\" \/>\n\t<meta property=\"og:image:height\" content=\"772\" \/>\n\t<meta property=\"og:image:type\" content=\"image\/jpeg\" \/>\n<meta name=\"twitter:card\" content=\"summary_large_image\" \/>\n<script type=\"application\/ld+json\" class=\"yoast-schema-graph\">{\"@context\":\"https:\/\/schema.org\",\"@graph\":[{\"@type\":\"WebPage\",\"@id\":\"https:\/\/www.aclusocal.org\/es\/preguntas-frecuentes-sobre-las-tacticas-enganosas-de-ice\/\",\"url\":\"https:\/\/www.aclusocal.org\/es\/preguntas-frecuentes-sobre-las-tacticas-enganosas-de-ice\/\",\"name\":\"Preguntas frecuentes sobre las t\u00e1cticas enga\u00f1osas de ICE - ACLU of Socal\",\"isPartOf\":{\"@id\":\"https:\/\/www.aclusocal.org\/#website\"},\"datePublished\":\"2020-04-16T08:30:00+00:00\",\"inLanguage\":\"es-ES\",\"potentialAction\":[{\"@type\":\"ReadAction\",\"target\":[\"https:\/\/www.aclusocal.org\/es\/preguntas-frecuentes-sobre-las-tacticas-enganosas-de-ice\/\"]}]},{\"@type\":\"WebSite\",\"@id\":\"https:\/\/www.aclusocal.org\/#website\",\"url\":\"https:\/\/www.aclusocal.org\/\",\"name\":\"ACLU of Southern California\",\"description\":\"\",\"publisher\":{\"@id\":\"https:\/\/www.aclusocal.org\/#organization\"},\"potentialAction\":[{\"@type\":\"SearchAction\",\"target\":{\"@type\":\"EntryPoint\",\"urlTemplate\":\"https:\/\/www.aclusocal.org\/?s={search_term_string}\"},\"query-input\":{\"@type\":\"PropertyValueSpecification\",\"valueRequired\":true,\"valueName\":\"search_term_string\"}}],\"inLanguage\":\"es-ES\"},{\"@type\":\"Organization\",\"@id\":\"https:\/\/www.aclusocal.org\/#organization\",\"name\":\"ACLU of Southern California\",\"url\":\"https:\/\/www.aclusocal.org\/\",\"logo\":{\"@type\":\"ImageObject\",\"inLanguage\":\"es-ES\",\"@id\":\"https:\/\/www.aclusocal.org\/#\/schema\/logo\/image\/\",\"url\":\"https:\/\/www.aclusocal.org\/app\/uploads\/2025\/09\/Southern-California_Color-Logo_RGB.png\",\"contentUrl\":\"https:\/\/www.aclusocal.org\/app\/uploads\/2025\/09\/Southern-California_Color-Logo_RGB.png\",\"width\":2000,\"height\":2001,\"caption\":\"ACLU of Southern California\"},\"image\":{\"@id\":\"https:\/\/www.aclusocal.org\/#\/schema\/logo\/image\/\"}}]}<\/script>\n<!-- \/ Yoast SEO plugin. -->","yoast_head_json":{"title":"Preguntas frecuentes sobre las t\u00e1cticas enga\u00f1osas de ICE - ACLU of Socal","robots":{"index":"index","follow":"follow","max-snippet":"max-snippet:-1","max-image-preview":"max-image-preview:large","max-video-preview":"max-video-preview:-1"},"canonical":"https:\/\/www.aclusocal.org\/es\/preguntas-frecuentes-sobre-las-tacticas-enganosas-de-ice\/","og_locale":"es_ES","og_type":"article","og_title":"Preguntas frecuentes sobre las t\u00e1cticas enga\u00f1osas de ICE - ACLU of Socal","og_description":"El ICE est\u00e1 recurriendo a distintos trucos y enga\u00f1os. En vez de identificarse como el ICE, se hacen pasar por agentes de polic\u00eda o de libertad condicional (probation). Usan t\u00e1cticas de intimidaci\u00f3n para forzar su entrada en los hogares. Cuentan historias falsas con la intenci\u00f3n de que las personas salgan de sus casas o que [&hellip;]","og_url":"https:\/\/www.aclusocal.org\/es\/preguntas-frecuentes-sobre-las-tacticas-enganosas-de-ice\/","og_site_name":"ACLU of Socal","og_image":[{"width":1158,"height":772,"url":"https:\/\/www.aclusocal.org\/app\/uploads\/2019\/07\/web15-kyr_ice.jpg","type":"image\/jpeg"}],"twitter_card":"summary_large_image","schema":{"@context":"https:\/\/schema.org","@graph":[{"@type":"WebPage","@id":"https:\/\/www.aclusocal.org\/es\/preguntas-frecuentes-sobre-las-tacticas-enganosas-de-ice\/","url":"https:\/\/www.aclusocal.org\/es\/preguntas-frecuentes-sobre-las-tacticas-enganosas-de-ice\/","name":"Preguntas frecuentes sobre las t\u00e1cticas enga\u00f1osas de ICE - ACLU of Socal","isPartOf":{"@id":"https:\/\/www.aclusocal.org\/#website"},"datePublished":"2020-04-16T08:30:00+00:00","inLanguage":"es-ES","potentialAction":[{"@type":"ReadAction","target":["https:\/\/www.aclusocal.org\/es\/preguntas-frecuentes-sobre-las-tacticas-enganosas-de-ice\/"]}]},{"@type":"WebSite","@id":"https:\/\/www.aclusocal.org\/#website","url":"https:\/\/www.aclusocal.org\/","name":"ACLU of Southern California","description":"","publisher":{"@id":"https:\/\/www.aclusocal.org\/#organization"},"potentialAction":[{"@type":"SearchAction","target":{"@type":"EntryPoint","urlTemplate":"https:\/\/www.aclusocal.org\/?s={search_term_string}"},"query-input":{"@type":"PropertyValueSpecification","valueRequired":true,"valueName":"search_term_string"}}],"inLanguage":"es-ES"},{"@type":"Organization","@id":"https:\/\/www.aclusocal.org\/#organization","name":"ACLU of Southern California","url":"https:\/\/www.aclusocal.org\/","logo":{"@type":"ImageObject","inLanguage":"es-ES","@id":"https:\/\/www.aclusocal.org\/#\/schema\/logo\/image\/","url":"https:\/\/www.aclusocal.org\/app\/uploads\/2025\/09\/Southern-California_Color-Logo_RGB.png","contentUrl":"https:\/\/www.aclusocal.org\/app\/uploads\/2025\/09\/Southern-California_Color-Logo_RGB.png","width":2000,"height":2001,"caption":"ACLU of Southern California"},"image":{"@id":"https:\/\/www.aclusocal.org\/#\/schema\/logo\/image\/"}}]}},"distributor_meta":false,"distributor_terms":false,"distributor_media":false,"distributor_original_site_name":"ACLU of Socal","distributor_original_site_url":"https:\/\/www.aclusocal.org\/es\/","push-errors":false,"_links":{"self":[{"href":"https:\/\/www.aclusocal.org\/es\/wp-json\/wp\/v2\/pages\/3550","targetHints":{"allow":["GET"]}}],"collection":[{"href":"https:\/\/www.aclusocal.org\/es\/wp-json\/wp\/v2\/pages"}],"about":[{"href":"https:\/\/www.aclusocal.org\/es\/wp-json\/wp\/v2\/types\/page"}],"replies":[{"embeddable":true,"href":"https:\/\/www.aclusocal.org\/es\/wp-json\/wp\/v2\/comments?post=3550"}],"version-history":[{"count":0,"href":"https:\/\/www.aclusocal.org\/es\/wp-json\/wp\/v2\/pages\/3550\/revisions"}],"acf:post":[{"embeddable":true,"href":"https:\/\/www.aclusocal.org\/es\/wp-json\/wp\/v2\/pages\/3544"},{"embeddable":true,"href":"https:\/\/www.aclusocal.org\/es\/wp-json\/wp\/v2\/pages\/3541"},{"embeddable":true,"href":"https:\/\/www.aclusocal.org\/es\/wp-json\/wp\/v2\/campaign\/4992"},{"embeddable":true,"href":"https:\/\/www.aclusocal.org\/es\/wp-json\/wp\/v2\/campaign\/4975"},{"embeddable":true,"href":"https:\/\/www.aclusocal.org\/es\/wp-json\/wp\/v2\/issue\/6118"}],"wp:attachment":[{"href":"https:\/\/www.aclusocal.org\/es\/wp-json\/wp\/v2\/media?parent=3550"}],"curies":[{"name":"wp","href":"https:\/\/api.w.org\/{rel}","templated":true}]}}