{"id":11203,"date":"2025-12-12T00:55:38","date_gmt":"2025-12-12T00:55:38","guid":{"rendered":"https:\/\/www.aclusocal.org\/?page_id=11203"},"modified":"2025-12-12T00:55:38","modified_gmt":"2025-12-12T00:55:38","slug":"sobre-aclu-del-sur-de-california-2","status":"publish","type":"page","link":"https:\/\/www.aclusocal.org\/es\/sobre-aclu-del-sur-de-california-2\/","title":{"rendered":"Sobre ACLU del sur de California"},"content":{"rendered":"<h2>Nuestro Trabajo<\/h2>\n<p>La Uni\u00f3n Americana de Libertades Civiles (ACLU, por su siglas en ingl\u00e9s) defiende los derechos fundamentales descritos en la Constituci\u00f3n de los Estados Unidos y la Declaraci\u00f3n de Derechos. Estos derechos incluyen el derecho a la libertad de expresi\u00f3n y reuni\u00f3n, el derecho a la libertad de religi\u00f3n, el debido proceso legal, la igualdad ante la ley, y el derecho a la privacidad. ACLU tambi\u00e9n se basa en las disposiciones constitucionales estatales y las leyes federales y estatales que fomentan estos derechos &nbsp;y otros derechos similares.<\/p>\n<p>ACLU tiene afiliados en los 50 estados, Washington, D.C. y Puerto Rico. California es \u00fanica porque tiene tres afiliados: <a href=\"http:\/\/www.aclunc.org\/\">ACLU del norte de California<\/a>, ACLU del sur de California y <a href=\"http:\/\/www.aclusandiego.org\/\">ACLU de los condados de San Diego e Imperial<\/a>. A menudo, los tres afiliados trabajan en colaboraci\u00f3n en iniciativas estatales bajo el nombre \"ACLU de California.\"<\/p>\n<p>ACLU del sur de California trabaja\/representa las personas en los condados de Kern, Los \u00c1ngeles, Orange, Riverside, San Bernardino, Santa B\u00e1rbara, San Luis Obispo, y Ventura.<\/p>\n<p>ACLU del sur de California trabaja en los temas de derechos de la primera enmienda, derechos de los inmigrantes, derechos de la comunidad LGBTQ, privacidad, libertad de religi\u00f3n y m\u00e1s.&nbsp;<\/p>\n<div style=\"display:block; clear:both; float:left;\">\n<h2>Aprende M\u00e1s<\/h2>\n<ul>\n<li><a href=\"https:\/\/www.aclusocal.org\/en\/about\/history\">Lee sobre la historia de&nbsp;ACLU del sur de&nbsp;California<\/a><\/li>\n<li><a href=\"https:\/\/www.aclusocal.org\/staff\/\">Conoce nuestro equipo<\/a><\/li>\n<\/ul>\n<\/div>\n","protected":false},"excerpt":{"rendered":"<p>Nuestro Trabajo La Uni\u00f3n Americana de Libertades Civiles (ACLU, por su siglas en ingl\u00e9s) defiende los derechos fundamentales descritos en la Constituci\u00f3n de los Estados Unidos y la Declaraci\u00f3n de Derechos. Estos derechos incluyen el derecho a la libertad de expresi\u00f3n y reuni\u00f3n, el derecho a la libertad de religi\u00f3n, el debido proceso legal, la [&hellip;]<\/p>\n","protected":false},"author":9,"featured_media":0,"parent":0,"menu_order":0,"comment_status":"closed","ping_status":"closed","template":"","meta":{"_acf_changed":false,"_relevanssi_hide_post":"","_relevanssi_hide_content":"","_relevanssi_pin_for_all":"","_relevanssi_pin_keywords":"","_relevanssi_unpin_keywords":"","_relevanssi_related_keywords":"","_relevanssi_related_include_ids":"","_relevanssi_related_exclude_ids":"","_relevanssi_related_no_append":"","_relevanssi_related_not_related":"","_relevanssi_related_posts":"","_relevanssi_noindex_reason":"","footnotes":""},"class_list":["post-11203","page","type-page","status-publish","hentry"],"acf":{"layout":"default","header-group":{"header-description":"","show-subnav":false,"hide-from-subnav":false},"components":[{"acf_fc_layout":"heading","heading":{"":null,"text":"Nuestro Trabajo","anchor":"","sub-heading":"","type":"h2","heading-style":"standard"}},{"acf_fc_layout":"text","text":{"text":"La Uni\u00f3n Americana de Libertades Civiles (ACLU, por su siglas en ingl\u00e9s) defiende los derechos fundamentales descritos en la Constituci\u00f3n de los Estados Unidos y la Declaraci\u00f3n de Derechos. Estos derechos incluyen el derecho a la libertad de expresi\u00f3n y reuni\u00f3n, el derecho a la libertad de religi\u00f3n, el debido proceso legal, la igualdad ante la ley, y el derecho a la privacidad. ACLU tambi\u00e9n se basa en las disposiciones constitucionales estatales y las leyes federales y estatales que fomentan estos derechos  y otros derechos similares.\n\nACLU tiene afiliados en los 50 estados, Washington, D.C. y Puerto Rico. California es \u00fanica porque tiene tres afiliados: <a href=\"http:\/\/www.aclunc.org\/\">ACLU del norte de California<\/a>, ACLU del sur de California y <a href=\"http:\/\/www.aclusandiego.org\/\">ACLU de los condados de San Diego e Imperial<\/a>. A menudo, los tres afiliados trabajan en colaboraci\u00f3n en iniciativas estatales bajo el nombre \"ACLU de California.\"\n\nACLU del sur de California trabaja\/representa las personas en los condados de Kern, Los \u00c1ngeles, Orange, Riverside, San Bernardino, Santa B\u00e1rbara, San Luis Obispo, y Ventura.\n\nACLU del sur de California trabaja en los temas de derechos de la primera enmienda, derechos de los inmigrantes, derechos de la comunidad LGBTQ, privacidad, libertad de religi\u00f3n y m\u00e1s. "}},{"acf_fc_layout":"heading","heading":{"":null,"text":"","anchor":"","sub-heading":"","type":"h3","heading-style":"standard"}},{"acf_fc_layout":"text","text":{"text":""}},{"acf_fc_layout":"heading","heading":{"":null,"text":"","anchor":"","sub-heading":"","type":"h3","heading-style":"standard"}},{"acf_fc_layout":"text","text":{"text":""}},{"acf_fc_layout":"heading","heading":{"":null,"text":"","anchor":"","sub-heading":"","type":"h3","heading-style":"standard"}},{"acf_fc_layout":"text","text":{"text":""}},{"acf_fc_layout":"heading","heading":{"":null,"text":"","anchor":"","sub-heading":"","type":"h3","heading-style":"standard"}},{"acf_fc_layout":"text","text":{"text":""}},{"acf_fc_layout":"heading","heading":{"":null,"text":"","anchor":"","sub-heading":"","type":"h3","heading-style":"standard"}},{"acf_fc_layout":"text","text":{"text":""}},{"acf_fc_layout":"heading","heading":{"":null,"text":"","anchor":"","sub-heading":"","type":"h2","heading-style":"standard"}},{"acf_fc_layout":"migrated","migrated":{"migrated":""}},{"acf_fc_layout":"single-image","single-image":{"":null,"image-group":{"image":1505,"":null,"caption":"","credit":"","link-settings":"custom","url":"https:\/\/www.aclusocal.org\/en\/theory-of-change"},"width":"standard","alignment":"left"}},{"acf_fc_layout":"migrated","migrated":{"migrated":""}},{"acf_fc_layout":"single-image","single-image":{"":null,"image-group":{"image":1507,"":null,"caption":"","credit":"","link-settings":"custom","url":"https:\/\/www.aclusocal.org\/en\/racial-justice-framework"},"width":"standard","alignment":"left"}},{"acf_fc_layout":"migrated","migrated":{"migrated":""}}],"section":null,"issues":"","related_content":"","documents":null},"yoast_head":"<!-- This site is optimized with the Yoast SEO plugin v24.9 - https:\/\/yoast.com\/wordpress\/plugins\/seo\/ -->\n<title>Sobre ACLU del sur de California - ACLU of Socal<\/title>\n<meta name=\"robots\" content=\"index, follow, max-snippet:-1, max-image-preview:large, max-video-preview:-1\" \/>\n<link rel=\"canonical\" href=\"https:\/\/www.aclusocal.org\/es\/sobre-aclu-del-sur-de-california-2\/\" \/>\n<meta property=\"og:locale\" content=\"es_ES\" \/>\n<meta property=\"og:type\" content=\"article\" \/>\n<meta property=\"og:title\" content=\"Sobre ACLU del sur de California - ACLU of Socal\" \/>\n<meta property=\"og:description\" content=\"Nuestro Trabajo La Uni\u00f3n Americana de Libertades Civiles (ACLU, por su siglas en ingl\u00e9s) defiende los derechos fundamentales descritos en la Constituci\u00f3n de los Estados Unidos y la Declaraci\u00f3n de Derechos. Estos derechos incluyen el derecho a la libertad de expresi\u00f3n y reuni\u00f3n, el derecho a la libertad de religi\u00f3n, el debido proceso legal, la [&hellip;]\" \/>\n<meta property=\"og:url\" content=\"https:\/\/www.aclusocal.org\/es\/sobre-aclu-del-sur-de-california-2\/\" \/>\n<meta property=\"og:site_name\" content=\"ACLU of Socal\" \/>\n<meta property=\"og:image\" content=\"https:\/\/www.aclusocal.org\/app\/themes\/aclu-parent\/img\/default_fb_share.jpg\" \/>\n<meta name=\"twitter:card\" content=\"summary_large_image\" \/>\n<script type=\"application\/ld+json\" class=\"yoast-schema-graph\">{\"@context\":\"https:\/\/schema.org\",\"@graph\":[{\"@type\":\"WebPage\",\"@id\":\"https:\/\/www.aclusocal.org\/es\/sobre-aclu-del-sur-de-california-2\/\",\"url\":\"https:\/\/www.aclusocal.org\/es\/sobre-aclu-del-sur-de-california-2\/\",\"name\":\"Sobre ACLU del sur de California - ACLU of Socal\",\"isPartOf\":{\"@id\":\"https:\/\/www.aclusocal.org\/#website\"},\"datePublished\":\"2025-12-12T00:55:38+00:00\",\"inLanguage\":\"es-ES\",\"potentialAction\":[{\"@type\":\"ReadAction\",\"target\":[\"https:\/\/www.aclusocal.org\/es\/sobre-aclu-del-sur-de-california-2\/\"]}]},{\"@type\":\"WebSite\",\"@id\":\"https:\/\/www.aclusocal.org\/#website\",\"url\":\"https:\/\/www.aclusocal.org\/\",\"name\":\"ACLU of Southern California\",\"description\":\"\",\"publisher\":{\"@id\":\"https:\/\/www.aclusocal.org\/#organization\"},\"potentialAction\":[{\"@type\":\"SearchAction\",\"target\":{\"@type\":\"EntryPoint\",\"urlTemplate\":\"https:\/\/www.aclusocal.org\/?s={search_term_string}\"},\"query-input\":{\"@type\":\"PropertyValueSpecification\",\"valueRequired\":true,\"valueName\":\"search_term_string\"}}],\"inLanguage\":\"es-ES\"},{\"@type\":\"Organization\",\"@id\":\"https:\/\/www.aclusocal.org\/#organization\",\"name\":\"ACLU of Southern California\",\"url\":\"https:\/\/www.aclusocal.org\/\",\"logo\":{\"@type\":\"ImageObject\",\"inLanguage\":\"es-ES\",\"@id\":\"https:\/\/www.aclusocal.org\/#\/schema\/logo\/image\/\",\"url\":\"https:\/\/www.aclusocal.org\/app\/uploads\/2025\/09\/Southern-California_Color-Logo_RGB.png\",\"contentUrl\":\"https:\/\/www.aclusocal.org\/app\/uploads\/2025\/09\/Southern-California_Color-Logo_RGB.png\",\"width\":2000,\"height\":2001,\"caption\":\"ACLU of Southern California\"},\"image\":{\"@id\":\"https:\/\/www.aclusocal.org\/#\/schema\/logo\/image\/\"}}]}<\/script>\n<!-- \/ Yoast SEO plugin. -->","yoast_head_json":{"title":"Sobre ACLU del sur de California - ACLU of Socal","robots":{"index":"index","follow":"follow","max-snippet":"max-snippet:-1","max-image-preview":"max-image-preview:large","max-video-preview":"max-video-preview:-1"},"canonical":"https:\/\/www.aclusocal.org\/es\/sobre-aclu-del-sur-de-california-2\/","og_locale":"es_ES","og_type":"article","og_title":"Sobre ACLU del sur de California - ACLU of Socal","og_description":"Nuestro Trabajo La Uni\u00f3n Americana de Libertades Civiles (ACLU, por su siglas en ingl\u00e9s) defiende los derechos fundamentales descritos en la Constituci\u00f3n de los Estados Unidos y la Declaraci\u00f3n de Derechos. Estos derechos incluyen el derecho a la libertad de expresi\u00f3n y reuni\u00f3n, el derecho a la libertad de religi\u00f3n, el debido proceso legal, la [&hellip;]","og_url":"https:\/\/www.aclusocal.org\/es\/sobre-aclu-del-sur-de-california-2\/","og_site_name":"ACLU of Socal","og_image":[{"url":"https:\/\/www.aclusocal.org\/app\/themes\/aclu-parent\/img\/default_fb_share.jpg","type":"","width":"","height":""}],"twitter_card":"summary_large_image","schema":{"@context":"https:\/\/schema.org","@graph":[{"@type":"WebPage","@id":"https:\/\/www.aclusocal.org\/es\/sobre-aclu-del-sur-de-california-2\/","url":"https:\/\/www.aclusocal.org\/es\/sobre-aclu-del-sur-de-california-2\/","name":"Sobre ACLU del sur de California - ACLU of Socal","isPartOf":{"@id":"https:\/\/www.aclusocal.org\/#website"},"datePublished":"2025-12-12T00:55:38+00:00","inLanguage":"es-ES","potentialAction":[{"@type":"ReadAction","target":["https:\/\/www.aclusocal.org\/es\/sobre-aclu-del-sur-de-california-2\/"]}]},{"@type":"WebSite","@id":"https:\/\/www.aclusocal.org\/#website","url":"https:\/\/www.aclusocal.org\/","name":"ACLU of Southern California","description":"","publisher":{"@id":"https:\/\/www.aclusocal.org\/#organization"},"potentialAction":[{"@type":"SearchAction","target":{"@type":"EntryPoint","urlTemplate":"https:\/\/www.aclusocal.org\/?s={search_term_string}"},"query-input":{"@type":"PropertyValueSpecification","valueRequired":true,"valueName":"search_term_string"}}],"inLanguage":"es-ES"},{"@type":"Organization","@id":"https:\/\/www.aclusocal.org\/#organization","name":"ACLU of Southern California","url":"https:\/\/www.aclusocal.org\/","logo":{"@type":"ImageObject","inLanguage":"es-ES","@id":"https:\/\/www.aclusocal.org\/#\/schema\/logo\/image\/","url":"https:\/\/www.aclusocal.org\/app\/uploads\/2025\/09\/Southern-California_Color-Logo_RGB.png","contentUrl":"https:\/\/www.aclusocal.org\/app\/uploads\/2025\/09\/Southern-California_Color-Logo_RGB.png","width":2000,"height":2001,"caption":"ACLU of Southern California"},"image":{"@id":"https:\/\/www.aclusocal.org\/#\/schema\/logo\/image\/"}}]}},"distributor_meta":false,"distributor_terms":false,"distributor_media":false,"distributor_original_site_name":"ACLU of Socal","distributor_original_site_url":"https:\/\/www.aclusocal.org\/es\/","push-errors":false,"_links":{"self":[{"href":"https:\/\/www.aclusocal.org\/es\/wp-json\/wp\/v2\/pages\/11203","targetHints":{"allow":["GET"]}}],"collection":[{"href":"https:\/\/www.aclusocal.org\/es\/wp-json\/wp\/v2\/pages"}],"about":[{"href":"https:\/\/www.aclusocal.org\/es\/wp-json\/wp\/v2\/types\/page"}],"author":[{"embeddable":true,"href":"https:\/\/www.aclusocal.org\/es\/wp-json\/wp\/v2\/users\/9"}],"replies":[{"embeddable":true,"href":"https:\/\/www.aclusocal.org\/es\/wp-json\/wp\/v2\/comments?post=11203"}],"version-history":[{"count":1,"href":"https:\/\/www.aclusocal.org\/es\/wp-json\/wp\/v2\/pages\/11203\/revisions"}],"predecessor-version":[{"id":11204,"href":"https:\/\/www.aclusocal.org\/es\/wp-json\/wp\/v2\/pages\/11203\/revisions\/11204"}],"wp:attachment":[{"href":"https:\/\/www.aclusocal.org\/es\/wp-json\/wp\/v2\/media?parent=11203"}],"curies":[{"name":"wp","href":"https:\/\/api.w.org\/{rel}","templated":true}]}}